{"id":40,"date":"2020-02-12T13:36:00","date_gmt":"2020-02-12T13:36:00","guid":{"rendered":"https:\/\/evacatone.ch\/index.php\/la-dietista-copy\/"},"modified":"2020-03-13T09:23:30","modified_gmt":"2020-03-13T09:23:30","slug":"consulenze","status":"publish","type":"page","link":"https:\/\/evacatone.ch\/index.php\/consulenze\/","title":{"rendered":"Le consulenze"},"content":{"rendered":"<!--themify_builder_content-->\n<div id=\"themify_builder_content-40\" data-postid=\"40\" class=\"themify_builder_content themify_builder_content-40 themify_builder tf_clear\">\n    \t\t\t\t<!-- module_row -->\n\t\t<div  data-lazy=\"1\" class=\"module_row themify_builder_row tb_rw2b005 tb_first tf_w tf_clearfix\">\n\t\t\t\t\t<div class=\"row_inner col_align_top tb_col_count_1 tf_box tf_rel\">\n\t\t\t\t\t<div  data-lazy=\"1\" class=\"module_column tb-column col-full tb_ldlc052 first\">\n\t\t\t\t\t\t\t<\/div><!-- .module_column -->\n\t\t\t\t\t\t<\/div><!-- .row_inner -->\n\t\t<\/div><!-- .module_row -->\n\t\t\t\t\t\t\t\t<!-- module_row -->\n\t\t<div  data-lazy=\"1\" class=\"module_row themify_builder_row tb_e8in050 tf_w tf_clearfix\">\n\t\t\t\t\t<div class=\"row_inner col_align_top tb_col_count_1 tf_box tf_rel\">\n\t\t\t\t\t<div  data-lazy=\"1\" class=\"module_column tb-column col-full tb_5133005 first\">\n\t\t\t\t\t\t\t\t\t<div class=\"tb-column-inner tf_box tf_w\">\n\t\t\t\t<!-- module text -->\n<div  class=\"module module-text tb_secw686   \" data-lazy=\"1\">\n    <h3 class=\"module-title\">Le consulenze<\/h3>    <div  class=\"tb_text_wrap\">\n        <\/div>\n<\/div>\n<!-- \/module text -->\t\t\t\t<\/div><!-- .tb-column-inner -->\n\t\t\t\t\t\t<\/div><!-- .module_column -->\n\t\t\t\t\t\t<\/div><!-- .row_inner -->\n\t\t<\/div><!-- .module_row -->\n\t\t\t\t\t\t\t\t<!-- module_row -->\n\t\t<div  data-lazy=\"1\" class=\"module_row themify_builder_row tb_vzv9060 tf_w tf_clearfix\">\n\t\t\t\t\t<div class=\"row_inner col_align_top tb_col_count_2 tf_box tf_rel\">\n\t\t\t\t\t<div  data-lazy=\"1\" class=\"module_column tb-column col3-2 tb_dfk2002 first\">\n\t\t\t\t\t\t\t\t\t<div class=\"tb-column-inner tf_box tf_w\">\n\t\t\t\t<!-- module text -->\n<div  class=\"module module-text tb_zvy1850   \" data-lazy=\"1\">\n        <div  class=\"tb_text_wrap\">\n    <p><strong>In qualit\u00e0 di dietista il mio obiettivo \u00e8 di offrire una consulenza alimentare personalizzata alle necessit\u00e0 della persona.<\/strong> <br \/>Successivamente ad un\u2019attenta valutazione nutrizionale, si costruisce insieme un percorso per correggere le proprie abitudini alimentari, senza stravolgere la vita di tutti i giorni e soprattutto senza troppe rinunce.<\/p>\n<p><strong>Il mio compito \u00e8 di sostenere in questo percorso che permette di creare un nuovo stile di vita!<\/strong><\/p>\n<p>La prima consulenza normalmente dura un\u2019ora, mentre i successivi controlli mezz\u2019ora. <br \/>La frequenza degli incontri viene decisa insieme in base alle necessit\u00e0.<br \/>\u00c8 poi possibile mantenere un ulteriore supporto tramite messaggi, telefono, email, videochiamate, \u2026<\/p>\n<p><strong>La dietista, quale professionista della salute, \u00e8 tenuta al segreto professionale.<\/strong><\/p>    <\/div>\n<\/div>\n<!-- \/module text -->\t\t\t\t<\/div><!-- .tb-column-inner -->\n\t\t\t\t\t\t<\/div><!-- .module_column -->\n\t\t\t\t\t<div  data-lazy=\"1\" class=\"module_column tb-column col3-1 tb_9orq027 last\">\n\t\t\t\t\t\t\t\t\t<div class=\"tb-column-inner tf_box tf_w\">\n\t\t\t\t<!-- module image -->\n<div  class=\"module module-image tb_jg5l822   image-top tf_mw\" data-lazy=\"1\">\n        <div class=\"image-wrap tf_rel tf_mw\">\n\t\t    <img loading=\"lazy\" decoding=\"async\" width=\"1000\" height=\"1778\" src=\"https:\/\/evacatone.ch\/wp-content\/uploads\/2020\/02\/consulenze.jpg\" class=\"wp-post-image wp-image-94\" title=\"consulenze\" alt=\"Eva Catone, Dietista, Dietista ASDD, Dietista Ticino, Educazione Alimentare, Alimentazione Sana, Dimagrire, Losone, Biasca\" srcset=\"https:\/\/evacatone.ch\/wp-content\/uploads\/2020\/02\/consulenze.jpg 1000w, https:\/\/evacatone.ch\/wp-content\/uploads\/2020\/02\/consulenze-169x300.jpg 169w, https:\/\/evacatone.ch\/wp-content\/uploads\/2020\/02\/consulenze-768x1366.jpg 768w, https:\/\/evacatone.ch\/wp-content\/uploads\/2020\/02\/consulenze-576x1024.jpg 576w\" sizes=\"auto, (max-width: 1000px) 100vw, 1000px\" \/>\t\n\t\t<\/div>\n\t<!-- \/image-wrap -->\n    \n    \t<\/div>\n<!-- \/module image -->\t\t\t\t<\/div><!-- .tb-column-inner -->\n\t\t\t\t\t\t<\/div><!-- .module_column -->\n\t\t\t\t\t\t<\/div><!-- .row_inner -->\n\t\t<\/div><!-- .module_row -->\n\t\t\t\t<\/div>\n<!--\/themify_builder_content-->","protected":false},"excerpt":{"rendered":"<p>Le consulenze In qualit\u00e0 di dietista il mio obiettivo \u00e8 di offrire una consulenza alimentare personalizzata alle necessit\u00e0 della persona. Successivamente ad un\u2019attenta valutazione nutrizionale, si costruisce insieme un percorso per correggere le proprie abitudini alimentari, senza stravolgere la vita di tutti i giorni e soprattutto senza troppe rinunce. Il mio compito \u00e8 di sostenere [&hellip;]<\/p>\n","protected":false},"author":1,"featured_media":0,"parent":0,"menu_order":0,"comment_status":"closed","ping_status":"closed","template":"","meta":{"footnotes":""},"class_list":["post-40","page","type-page","status-publish","hentry","has-post-title","has-post-date","has-post-category","has-post-tag","has-post-comment","has-post-author",""],"builder_content":"<h3>Le consulenze<\/h3>\n<p><strong>In qualit\u00e0 di dietista il mio obiettivo \u00e8 di offrire una consulenza alimentare personalizzata alle necessit\u00e0 della persona.<\/strong> <br \/>Successivamente ad un\u2019attenta valutazione nutrizionale, si costruisce insieme un percorso per correggere le proprie abitudini alimentari, senza stravolgere la vita di tutti i giorni e soprattutto senza troppe rinunce.<\/p> <p><strong>Il mio compito \u00e8 di sostenere in questo percorso che permette di creare un nuovo stile di vita!<\/strong><\/p> <p>La prima consulenza normalmente dura un\u2019ora, mentre i successivi controlli mezz\u2019ora. <br \/>La frequenza degli incontri viene decisa insieme in base alle necessit\u00e0.<br \/>\u00c8 poi possibile mantenere un ulteriore supporto tramite messaggi, telefono, email, videochiamate, \u2026<\/p> <p><strong>La dietista, quale professionista della salute, \u00e8 tenuta al segreto professionale.<\/strong><\/p>\n<img src=\"https:\/\/evacatone.ch\/wp-content\/uploads\/2020\/02\/consulenze.jpg\" title=\"consulenze\" alt=\"Eva Catone, Dietista, Dietista ASDD, Dietista Ticino, Educazione Alimentare, Alimentazione Sana, Dimagrire, Losone, Biasca\" srcset=\"https:\/\/evacatone.ch\/wp-content\/uploads\/2020\/02\/consulenze.jpg 1000w, https:\/\/evacatone.ch\/wp-content\/uploads\/2020\/02\/consulenze-169x300.jpg 169w, https:\/\/evacatone.ch\/wp-content\/uploads\/2020\/02\/consulenze-768x1366.jpg 768w, https:\/\/evacatone.ch\/wp-content\/uploads\/2020\/02\/consulenze-576x1024.jpg 576w\" sizes=\"(max-width: 1000px) 100vw, 1000px\" \/>","_links":{"self":[{"href":"https:\/\/evacatone.ch\/index.php\/wp-json\/wp\/v2\/pages\/40","targetHints":{"allow":["GET"]}}],"collection":[{"href":"https:\/\/evacatone.ch\/index.php\/wp-json\/wp\/v2\/pages"}],"about":[{"href":"https:\/\/evacatone.ch\/index.php\/wp-json\/wp\/v2\/types\/page"}],"author":[{"embeddable":true,"href":"https:\/\/evacatone.ch\/index.php\/wp-json\/wp\/v2\/users\/1"}],"replies":[{"embeddable":true,"href":"https:\/\/evacatone.ch\/index.php\/wp-json\/wp\/v2\/comments?post=40"}],"version-history":[{"count":14,"href":"https:\/\/evacatone.ch\/index.php\/wp-json\/wp\/v2\/pages\/40\/revisions"}],"predecessor-version":[{"id":189,"href":"https:\/\/evacatone.ch\/index.php\/wp-json\/wp\/v2\/pages\/40\/revisions\/189"}],"wp:attachment":[{"href":"https:\/\/evacatone.ch\/index.php\/wp-json\/wp\/v2\/media?parent=40"}],"curies":[{"name":"wp","href":"https:\/\/api.w.org\/{rel}","templated":true}]}}